{"id":617,"date":"2017-09-13T13:11:22","date_gmt":"2017-09-13T11:11:22","guid":{"rendered":"https:\/\/vinarija-stampar.hr\/?page_id=617"},"modified":"2018-01-08T12:30:43","modified_gmt":"2018-01-08T11:30:43","slug":"ueber-uns","status":"publish","type":"page","link":"https:\/\/vinarija-stampar.hr\/de\/ueber-uns\/","title":{"rendered":"\u00dcber uns"},"content":{"rendered":"<h2>Unsere Geschichte<\/h2>\n<p>Als der Meister I\u0161tvan Grabar und der Winzer Andra\u0161 Novak vor langer Zeit, am Freitagnachmittag des 27. Juni 1913 ihre Gl\u00e4ser zu Ehren des fertiggestellten Freskos \u00fcber dem Kellereingang erhoben haben, stie\u00dfen sie einer Weinvision an, die in der Hausnummer 2 in Sveti Urban auch heute, einhundert Jahre sp\u00e4ter, weiterlebt. Die einfachen, schlichten und kurzlebigen Novak-Weine erhalten ihre ausgesprochen individuelle Auspr\u00e4gung erst in der Mitte der zwanziger Jahre des 20. Jahrhunderts, als die erste Generation der Familie \u0160tampar in Besitz des Guts und aller Weing\u00e4rten kommt. Seit dieser Zeit wurden die Leidenschaft und Hingabe an die Weinrebe zur ersten und bedingungslosen W\u00e4hrung f\u00fcr alle Generationen dieser Familie. Die gro\u00dfen \u0160tampar-Weine beginnen ihr Leben schon im Weingarten, sowohl fr\u00fcher, als auch in der heutigen Zeit. Angefangen hat man mit nur 3000 Weinst\u00f6cken einer Sorte, in einer altkroatischen Eichenpresse aus dem Jahr 1927 und kaum ein paar sch\u00e4bigen F\u00e4ssern in einem kleinen Keller. Heute, auf der st\u00e4ndigen Suche nach der perfekten Verbindung aus Tradition, Wissen und Innovation, bieten die \u0160tampars dem w\u00e4hlerischen und anspruchsvollen Markt \u00e4u\u00dferst hochwertige und preisgekr\u00f6nte Weine aus etwa zehn repr\u00e4sentativen Sorten der Weinberge von Me\u0111imurje.<\/p>\n","protected":false},"excerpt":{"rendered":"<p>Unsere Geschichte Als der Meister I\u0161tvan Grabar und der Winzer Andra\u0161 Novak vor langer Zeit, am Freitagnachmittag des 27. Juni 1913 ihre Gl\u00e4ser zu Ehren des fertiggestellten Freskos \u00fcber dem Kellereingang erhoben haben, stie\u00dfen sie einer Weinvision an, die in der Hausnummer 2 in Sveti Urban auch heute, einhundert Jahre sp\u00e4ter, weiterlebt. Die einfachen, schlichten [&hellip;]<\/p>\n","protected":false},"author":8,"featured_media":329,"parent":0,"menu_order":0,"comment_status":"closed","ping_status":"closed","template":"","meta":{"_acf_changed":false,"footnotes":""},"class_list":["post-617","page","type-page","status-publish","has-post-thumbnail","hentry"],"acf":[],"_links":{"self":[{"href":"https:\/\/vinarija-stampar.hr\/de\/wp-json\/wp\/v2\/pages\/617","targetHints":{"allow":["GET"]}}],"collection":[{"href":"https:\/\/vinarija-stampar.hr\/de\/wp-json\/wp\/v2\/pages"}],"about":[{"href":"https:\/\/vinarija-stampar.hr\/de\/wp-json\/wp\/v2\/types\/page"}],"author":[{"embeddable":true,"href":"https:\/\/vinarija-stampar.hr\/de\/wp-json\/wp\/v2\/users\/8"}],"replies":[{"embeddable":true,"href":"https:\/\/vinarija-stampar.hr\/de\/wp-json\/wp\/v2\/comments?post=617"}],"version-history":[{"count":4,"href":"https:\/\/vinarija-stampar.hr\/de\/wp-json\/wp\/v2\/pages\/617\/revisions"}],"predecessor-version":[{"id":621,"href":"https:\/\/vinarija-stampar.hr\/de\/wp-json\/wp\/v2\/pages\/617\/revisions\/621"}],"wp:featuredmedia":[{"embeddable":true,"href":"https:\/\/vinarija-stampar.hr\/de\/wp-json\/wp\/v2\/media\/329"}],"wp:attachment":[{"href":"https:\/\/vinarija-stampar.hr\/de\/wp-json\/wp\/v2\/media?parent=617"}],"curies":[{"name":"wp","href":"https:\/\/api.w.org\/{rel}","templated":true}]}}