{"id":623,"date":"2017-09-13T13:11:25","date_gmt":"2017-09-13T11:11:25","guid":{"rendered":"https:\/\/vinarija-stampar.hr\/vina\/"},"modified":"2021-10-07T09:34:09","modified_gmt":"2021-10-07T07:34:09","slug":"weine","status":"publish","type":"page","link":"https:\/\/vinarija-stampar.hr\/de\/weine\/","title":{"rendered":"Weine"},"content":{"rendered":"<p>Nach vollen einhundert Jahren der Familienhingabe an den Wein sind heute die \u0160tampar-Weine in europ\u00e4ischen Destinationen im Gastgewerbe, in f\u00fchrenden nationalen Restaurants und bei Vertriebsh\u00e4ndlern und zahlreichen Weinkennern bekannt. Internationale und nationale Auszeichnungen, Diplomen und Medaillen best\u00e4tigen die Kunst und die Vortrefflichkeit der \u0160tampar-Wei\u00df- und Ros\u00e9weine und seit Kurzem auch der ersten Schaumwein-Leistungen. In der Mission der Etablierung des in Me\u0111imurje autochthonen Markenweins Pu\u0161ipel im regionalen Rahmen hat die Familie \u0160tampar unaustilgbare Verdienste.<\/p>\n","protected":false},"excerpt":{"rendered":"<p>Nach vollen einhundert Jahren der Familienhingabe an den Wein sind heute die \u0160tampar-Weine in europ\u00e4ischen Destinationen im Gastgewerbe, in f\u00fchrenden nationalen Restaurants und bei Vertriebsh\u00e4ndlern und zahlreichen Weinkennern bekannt. Internationale und nationale Auszeichnungen, Diplomen und Medaillen best\u00e4tigen die Kunst und die Vortrefflichkeit der \u0160tampar-Wei\u00df- und Ros\u00e9weine und seit Kurzem auch der ersten Schaumwein-Leistungen. In der [&hellip;]<\/p>\n","protected":false},"author":8,"featured_media":1219,"parent":0,"menu_order":0,"comment_status":"closed","ping_status":"closed","template":"","meta":{"_acf_changed":false,"footnotes":""},"class_list":["post-623","page","type-page","status-publish","has-post-thumbnail","hentry"],"acf":[],"_links":{"self":[{"href":"https:\/\/vinarija-stampar.hr\/de\/wp-json\/wp\/v2\/pages\/623","targetHints":{"allow":["GET"]}}],"collection":[{"href":"https:\/\/vinarija-stampar.hr\/de\/wp-json\/wp\/v2\/pages"}],"about":[{"href":"https:\/\/vinarija-stampar.hr\/de\/wp-json\/wp\/v2\/types\/page"}],"author":[{"embeddable":true,"href":"https:\/\/vinarija-stampar.hr\/de\/wp-json\/wp\/v2\/users\/8"}],"replies":[{"embeddable":true,"href":"https:\/\/vinarija-stampar.hr\/de\/wp-json\/wp\/v2\/comments?post=623"}],"version-history":[{"count":5,"href":"https:\/\/vinarija-stampar.hr\/de\/wp-json\/wp\/v2\/pages\/623\/revisions"}],"predecessor-version":[{"id":1377,"href":"https:\/\/vinarija-stampar.hr\/de\/wp-json\/wp\/v2\/pages\/623\/revisions\/1377"}],"wp:featuredmedia":[{"embeddable":true,"href":"https:\/\/vinarija-stampar.hr\/de\/wp-json\/wp\/v2\/media\/1219"}],"wp:attachment":[{"href":"https:\/\/vinarija-stampar.hr\/de\/wp-json\/wp\/v2\/media?parent=623"}],"curies":[{"name":"wp","href":"https:\/\/api.w.org\/{rel}","templated":true}]}}