{"id":730,"date":"2017-09-13T13:11:29","date_gmt":"2017-09-13T11:11:29","guid":{"rendered":"https:\/\/vinarija-stampar.hr\/vinogradi\/"},"modified":"2018-01-08T15:06:34","modified_gmt":"2018-01-08T14:06:34","slug":"weingaerten","status":"publish","type":"page","link":"https:\/\/vinarija-stampar.hr\/de\/weingaerten\/","title":{"rendered":"Weing\u00e4rten"},"content":{"rendered":"<h2>Unsere Standorte<\/h2>\n<p>Unter derselben Sonne, auf dem kleinen geographischen Raum, dessen Terroirmerkmale weltweit von Weinkennern erkannt und gesch\u00e4tzt sind, an der Grenzlinie zwischen Kroatien und Slowenien, ber\u00fchren sich die Berge von Me\u0111imurje und die Berge von Ljutomer-Jeruzalem. Gerade hier, dreihundert Meter \u00fcber dem Meeresspiegel, weit von Verkehrsstra\u00dfen und st\u00e4dtischen Ersch\u00fctterungen, in der einzigartigen Harmonie mit der Natur, auf der Fl\u00e4che von zehn Hektar wachsen die besten Weing\u00e4rten der Familie \u0160tampar. Auf den wellenartigen Standorten der Berge Sveti Urban und Krpec in Robadje reifen die besten Tropfen des Pu\u0161ipels, Welschrieslings, Gr\u00fcnen Silvaners, Chardonnay, Grauburgunders, Rheinischen Rieslings, Gelben Muskatellers, Sauvignons, Cabernet Sauvignon und Gamays in Me\u0111imurje. Die Anlagen geben normale Lesen, Sp\u00e4tlesen, Trockenbeerenauslesen und Eislesen.<\/p>\n","protected":false},"excerpt":{"rendered":"<p>Unsere Standorte Unter derselben Sonne, auf dem kleinen geographischen Raum, dessen Terroirmerkmale weltweit von Weinkennern erkannt und gesch\u00e4tzt sind, an der Grenzlinie zwischen Kroatien und Slowenien, ber\u00fchren sich die Berge von Me\u0111imurje und die Berge von Ljutomer-Jeruzalem. Gerade hier, dreihundert Meter \u00fcber dem Meeresspiegel, weit von Verkehrsstra\u00dfen und st\u00e4dtischen Ersch\u00fctterungen, in der einzigartigen Harmonie mit [&hellip;]<\/p>\n","protected":false},"author":8,"featured_media":323,"parent":0,"menu_order":0,"comment_status":"closed","ping_status":"closed","template":"","meta":{"_acf_changed":false,"footnotes":""},"class_list":["post-730","page","type-page","status-publish","has-post-thumbnail","hentry"],"acf":[],"_links":{"self":[{"href":"https:\/\/vinarija-stampar.hr\/de\/wp-json\/wp\/v2\/pages\/730","targetHints":{"allow":["GET"]}}],"collection":[{"href":"https:\/\/vinarija-stampar.hr\/de\/wp-json\/wp\/v2\/pages"}],"about":[{"href":"https:\/\/vinarija-stampar.hr\/de\/wp-json\/wp\/v2\/types\/page"}],"author":[{"embeddable":true,"href":"https:\/\/vinarija-stampar.hr\/de\/wp-json\/wp\/v2\/users\/8"}],"replies":[{"embeddable":true,"href":"https:\/\/vinarija-stampar.hr\/de\/wp-json\/wp\/v2\/comments?post=730"}],"version-history":[{"count":2,"href":"https:\/\/vinarija-stampar.hr\/de\/wp-json\/wp\/v2\/pages\/730\/revisions"}],"predecessor-version":[{"id":740,"href":"https:\/\/vinarija-stampar.hr\/de\/wp-json\/wp\/v2\/pages\/730\/revisions\/740"}],"wp:featuredmedia":[{"embeddable":true,"href":"https:\/\/vinarija-stampar.hr\/de\/wp-json\/wp\/v2\/media\/323"}],"wp:attachment":[{"href":"https:\/\/vinarija-stampar.hr\/de\/wp-json\/wp\/v2\/media?parent=730"}],"curies":[{"name":"wp","href":"https:\/\/api.w.org\/{rel}","templated":true}]}}