{"id":742,"date":"2017-09-13T13:11:33","date_gmt":"2017-09-13T11:11:33","guid":{"rendered":"https:\/\/vinarija-stampar.hr\/podrum\/"},"modified":"2018-01-08T15:08:11","modified_gmt":"2018-01-08T14:08:11","slug":"keller","status":"publish","type":"page","link":"https:\/\/vinarija-stampar.hr\/de\/keller\/","title":{"rendered":"Keller"},"content":{"rendered":"<h2>Keller<\/h2>\n<p>Ihre Besonderheit, den reichen K\u00f6rper, die Lebhaftigkeit und Vitalit\u00e4t erhalten die \u0160tampar-Weine durch die sorgf\u00e4ltige Pflege und Reifung vor allem in alten Eichenholzf\u00e4ssern, die den naheliegenden und in eindrucksvoller Weinarchitektur gebauten Keller f\u00fcllen. Nachdem die Weine in der Eiche den H\u00f6hepunkt der Reifung erreichen, werden sie in sorgf\u00e4ltig kontrollierte Inoxbeh\u00e4lter umgef\u00fcllt, wo der hergestellte Charakter und die Vortrefflichkeit des Wein noch sehr lange bewahrt werden. Die endg\u00fcltige Best\u00e4tigung ihrer Qualit\u00e4t erhalten sie erst, wenn die elegante Bouteille mit den \u0160tampar-Weinen Ihren Tisch erreicht.<\/p>\n","protected":false},"excerpt":{"rendered":"<p>Keller Ihre Besonderheit, den reichen K\u00f6rper, die Lebhaftigkeit und Vitalit\u00e4t erhalten die \u0160tampar-Weine durch die sorgf\u00e4ltige Pflege und Reifung vor allem in alten Eichenholzf\u00e4ssern, die den naheliegenden und in eindrucksvoller Weinarchitektur gebauten Keller f\u00fcllen. Nachdem die Weine in der Eiche den H\u00f6hepunkt der Reifung erreichen, werden sie in sorgf\u00e4ltig kontrollierte Inoxbeh\u00e4lter umgef\u00fcllt, wo der hergestellte [&hellip;]<\/p>\n","protected":false},"author":8,"featured_media":25,"parent":0,"menu_order":0,"comment_status":"closed","ping_status":"closed","template":"","meta":{"_acf_changed":false,"footnotes":""},"class_list":["post-742","page","type-page","status-publish","has-post-thumbnail","hentry"],"acf":[],"_links":{"self":[{"href":"https:\/\/vinarija-stampar.hr\/de\/wp-json\/wp\/v2\/pages\/742","targetHints":{"allow":["GET"]}}],"collection":[{"href":"https:\/\/vinarija-stampar.hr\/de\/wp-json\/wp\/v2\/pages"}],"about":[{"href":"https:\/\/vinarija-stampar.hr\/de\/wp-json\/wp\/v2\/types\/page"}],"author":[{"embeddable":true,"href":"https:\/\/vinarija-stampar.hr\/de\/wp-json\/wp\/v2\/users\/8"}],"replies":[{"embeddable":true,"href":"https:\/\/vinarija-stampar.hr\/de\/wp-json\/wp\/v2\/comments?post=742"}],"version-history":[{"count":1,"href":"https:\/\/vinarija-stampar.hr\/de\/wp-json\/wp\/v2\/pages\/742\/revisions"}],"predecessor-version":[{"id":743,"href":"https:\/\/vinarija-stampar.hr\/de\/wp-json\/wp\/v2\/pages\/742\/revisions\/743"}],"wp:featuredmedia":[{"embeddable":true,"href":"https:\/\/vinarija-stampar.hr\/de\/wp-json\/wp\/v2\/media\/25"}],"wp:attachment":[{"href":"https:\/\/vinarija-stampar.hr\/de\/wp-json\/wp\/v2\/media?parent=742"}],"curies":[{"name":"wp","href":"https:\/\/api.w.org\/{rel}","templated":true}]}}