{"id":971,"date":"2018-09-12T15:00:20","date_gmt":"2018-09-12T13:00:20","guid":{"rendered":"https:\/\/vinarija-stampar.hr\/?page_id=971"},"modified":"2018-09-12T15:00:20","modified_gmt":"2018-09-12T13:00:20","slug":"datenschutzerklaerung","status":"publish","type":"page","link":"https:\/\/vinarija-stampar.hr\/de\/datenschutzerklaerung\/","title":{"rendered":"Datenschutzerkl\u00e4rung"},"content":{"rendered":"<p>Der Schutz Ihrer pers\u00f6nlichen Daten ist uns ein besonderes Anliegen. Wir verarbeiten Ihre Daten daher ausschlie\u00dflich auf Grundlage der gesetzlichen Bestimmungen (DSGVO, TKG 2003, f\u00fcr KG Media d.o.o. ber\u00fccksichtigen wir auch Zakon o za\u0161titi osobnih podataka 2003). In diesen Datenschutzinformationen informieren wir Sie \u00fcber die wichtigsten Aspekte der Datenverarbeitung im Rahmen unserer Website.<\/p>\n<p>Kontakt mit uns: Wenn Sie per Formular auf der Website oder per E-Mail Kontakt mit uns aufnehmen, werden Ihre angegebenen Daten zwecks Bearbeitung der Anfrage und f\u00fcr den Fall von Anschlussfragen bei uns gespeichert. Diese Daten geben wir nicht ohne Ihre Einwilligung weiter.<\/p>\n<h3>Umgang mit Ihren Daten<\/h3>\n<p>Dienstleistungsunternehmen k\u00f6nnen nur mit Hilfe der EDV die angebotenen Dienstleistungen schnell und wirtschaftlich erbringen und dazu ben\u00f6tigen wir personenbezogene Daten. Dies ebenso, falls wir mit Ihnen in Kontakt treten sollen bzw. Sie eine Beratung w\u00fcnschen. Die Erhebung, Verarbeitung und Nutzung dieser Daten ist grunds\u00e4tzlich gesetzlich geregelt.<\/p>\n<p>Bei alle Besuchen \u2013 Zugriffen eines Nutzers \u2013 auf unsere Webseiten und bei jedem Abruf einer Datei werden Zugriffsdaten \u00fcber diesen Vorgang auf unserem Server in einer Protokolldatei gespeichert. Es werden keine personenbezogenen Daten erfasst. Die Daten werden anonymisiert \u2013 und daher ohne Personenbezug \u2013 gespeichert. Dies erfolgt zur Datensicherheit und f\u00fcr Statistikzwecke.<\/p>\n<p>Sie k\u00f6nnen Auskunft \u00fcber die zu Ihrer Person gespeicherten Daten einmal j\u00e4hrlich, unentgeltlich beantragen, jede weitere im gleichen Jahreszeitraum erfolgt kostenpflichtig. Dar\u00fcber hinaus k\u00f6nnen Sie die Berichtigung Ihrer Daten verlangen, wenn diese unrichtig oder unvollst\u00e4ndig sind. Anspr\u00fcche auf L\u00f6schung oder Sperrung Ihrer Daten k\u00f6nnen bestehen, wenn deren Erhebung, Verarbeitung oder Nutzung sich als unzul\u00e4ssig oder nicht mehr erforderlich erweist. Zur Geltendmachung dieser Rechte nutzen Sie bitte die im Impressum genannten Kontaktdaten.<\/p>\n<h3>IP-Anonymisierung<\/h3>\n<p>Wir nutzen die Funktion \u201eAktivierung der IP-Anonymisierung\u201c auf dieser Webseite. Dadurch wird Ihre IP-Adresse von Google innerhalb von Mitgliedstaaten der Europ\u00e4ischen Union oder in anderen Vertragsstaaten des Abkommens \u00fcber den Europ\u00e4ischen Wirtschaftsraum zuvor gek\u00fcrzt. Nur in Ausnahmef\u00e4llen wird die volle IP-Adresse an einen Server von Google in den USA \u00fcbertragen und dort gek\u00fcrzt. Im Auftrag des Betreibers dieser Website wird Google diese Informationen benutzen, um Ihre Nutzung der Website auszuwerten, um Reports \u00fcber die Websiteaktivit\u00e4ten zusammenzustellen und um weitere mit der Websitenutzung und der Internetnutzung verbundene Dienstleistungen gegen\u00fcber dem Websitebetreiber zu erbringen. Die im Rahmen von Google Analytics von Ihrem Browser \u00fcbermittelte IP-Adresse wird nicht mit anderen Daten von Google zusammengef\u00fchrt.<\/p>\n<h3>Statistische Auswertung \/ Tracking<\/h3>\n<p>F\u00fcr die statistische Auswertung der Nutzung unseres Webangebotes werden die folgenden zielorientierten Cookies herangezogen.<\/p>\n<p><strong>Tracking zur Personalisierung<\/strong><br \/>\nEin Cookie wird verwendet, um personalisierte Seitenvorschl\u00e4ge anzuzeigen. Dabei werden keine IP-Nummern gespeichert. Im Rahmen des Websitebesuchs werden daf\u00fcr durch ein Pixel, welches auf jeder Website eingebunden ist, folgende Daten erhoben:<\/p>\n<ul>\n<li>Interne ID der aufgerufenen Seite<\/li>\n<li>Attribute der aufgerufenen Seite<\/li>\n<li>Kategorien der aufgerufenen Seite<\/li>\n<\/ul>\n<p>Diese Daten werden nicht weitergegeben<\/p>\n<h3>Verwendung von Cookies<\/h3>\n<p>Unsere Website verwendet so genannte Cookies. Dabei handelt es sich um kleine Textdateien, die mit Hilfe des Browsers auf Ihrem Endger\u00e4t abgelegt werden. Sie richten keinen Schaden an.<br \/>\nWir nutzen Cookies dazu, unser Angebot nutzerfreundlich zu gestalten. Einige Cookies bleiben auf Ihrem Endger\u00e4t gespeichert, bis Sie diese l\u00f6schen. Wie Sie diese l\u00f6schen k\u00f6nnen, entnehmen Sie Ihren Browser-Anleitungen. Cookies erm\u00f6glichen es uns, Ihren Browser beim n\u00e4chsten Besuch wiederzuerkennen.<\/p>\n<p>Wenn Sie dies nicht w\u00fcnschen, so k\u00f6nnen Sie Ihren Browser so einrichten, dass er Sie \u00fcber das Setzen von Cookies informiert und Sie dies nur im Einzelfall erlauben.<br \/>\nBei der Deaktivierung von Cookies kann die Funktionalit\u00e4t unserer Website eingeschr\u00e4nkt sein.<\/p>\n<h3>E-Mail Newsletter<\/h3>\n<p>\u00dcber unsere Website k\u00f6nnen Sie unseren Newsletter abonnieren. Hierf\u00fcr ben\u00f6tigen wir Ihre E-Mail-Adresse und Ihre Erkl\u00e4rung, dass Sie mit dem Bezug des Newsletters einverstanden sind. Erg\u00e4nzend gemachte Angaben \u00fcber Firmenname, Adresse und Interessensgebiete werden von uns verarbeitet und f\u00fcr den Versand der angeforderten Informationen verwendet. Es erfolgt keine Weitergabe an Dritte.<\/p>\n<p>Ihre Einwilligung zur Speicherung der Daten, der E-Mail-Adresse sowie deren Nutzung zum Versand des Newsletters k\u00f6nnen Sie jederzeit widerrufen \u2013 dies kann per link im jeweiligen newsletter oder per direkter Kontaktaufnahme an info@kg-media.hr erfolgen. In diesem Fall l\u00f6schen wir umgehend Ihre Daten im Zusammenhang mit dem Newsletter-Versand.<\/p>\n<p>F\u00fcr den newsletter Versand verwenden wir MailChimp (eine Marke der Rocket Science Group, LLC, 675 Ponce De Leon Ave NE 5000, Atlanta, GA 30308, USA). Mail Chimp ist bei privacy shield registriert und verpflichtet, die EU-Datenschutzregeln einzuhalten.Datenschutzerkl\u00e4rung von MailChimp https:\/\/mailchimp.com\/legal\/privacy\/ wird Ihre Daten nur f\u00fcr den Versand des Newsletters und die Auswertung des Versandes sowie zur Verbesserung des Service verwenden. MailChimp wird Sie nicht direkt kontaktieren oder die Daten verwenden. Es erfolgt keine Weitergabe an Dritte. Die von MailChimp verwendeten Daten enthalten einen \u201eweb-beacon\u201c, der die \u00d6ffnung des Newletters und\/oder die Bet\u00e4tigung eines darin enthaltenen Links durch Sie an MailChimp sendet. Dabei werden an MailChimp Informationen zu Ihrem Browser, Ihren Standort und Ihre IP-Adresse \u00fcbermittelt.<\/p>\n<h3>Remarketing \/ Retargeting<\/h3>\n<p>Diese Webseite verwendet so genannte \u201eRetargeting-Tags\u201c. Als \u201eRetargeting-Tag\u201c wird ein JavaScript-Element bezeichnet, das im Quellcode der Website platziert wird. Besucht ein Nutzer eine dieser Seiten, die ein \u201eRetargeting-Tag\u201c enth\u00e4lt, platziert ein Anbieter von Online Werbung (z.B. Google) ein Cookie auf dem Computer dieses Nutzers, und ordnet dieses entsprechenden Retargeting-Zielgruppenlisten hinzu. Dieses Cookie dient dazu, Retargeting-Kampagnen (\u201eInteressensbezogene Werbung\u201c) auf anderen Webseiten zu schalten.<br \/>\nDies sind Dienstleistungen der Google Inc. (1600 Amphitheatre Parkway, Mountain View, CA 94043, USA; im Folgenden \u201eGoogle\u201c). Google verwendet Cookies, die auf Ihrem Computer gespeichert werden und die eine Analyse der Benutzung der Website durch Sie erm\u00f6glicht. Die durch den Cookie erzeugten Informationen \u00fcber Ihre Benutzung dieser Website (einschlie\u00dflich Ihrer IP-Adresse) werden an einen Server von Google in den USA \u00fcbertragen und dort gespeichert. Die IP Adresse wird anschlie\u00dfend von Google um die letzten drei Stellen gek\u00fcrzt, eine eindeutige Zuordnung der IP Adresse ist somit nicht mehr m\u00f6glich. Google beachtet die Datenschutzbestimmungen des \u201eUS-Safe-Harbor\u201c-Abkommens und ist beim \u201eSafe- Harbor\u201c-Programm des US-Handelsministeriums registriert. Google wird diese Informationen benutzen, um Ihre Nutzung der Website auszuwerten, um Reports \u00fcber die Websiteaktivit\u00e4ten f\u00fcr die Websitebetreiber zusammenzustellen und um weitere mit der Websitenutzung und der Internetnutzung verbundene Dienstleistungen zu erbringen. Auch wird Google diese Informationen gegebenenfalls an Dritte \u00fcbertragen, sofern dies gesetzlich vorgeschrieben oder soweit Dritte diese Daten im Auftrag von Google verarbeiten. Drittanbieter, einschlie\u00dflich Google, schalten Anzeigen auf Websites im Internet. Drittanbieter, einschlie\u00dflich Google, verwenden gespeicherte Cookies zum Schalten von Anzeigen auf Grundlage vorheriger Besuche eines Nutzers auf dieser Website. Google wird in keinem Fall Ihre IP-Adresse mit anderen Daten bei Google in Verbindung bringen. Der Datenerhebung und -speicherung kann jederzeit mit Wirkung f\u00fcr die Zukunft widersprochen werden.<\/p>\n<h3>Links zu anderen Webseiten<\/h3>\n<p>Das Online-Angebot enth\u00e4lt Links zu anderen Websites (sogenannte externe Links). Wir haben keinen Einfluss darauf, dass die Betreiber anderer Websites die Datenschutzbestimmungen einhalten.<\/p>\n<h3>Sicherheit pers\u00f6nlicher Daten<\/h3>\n<p>Personenbezogene Daten, die zwischen Ihnen und uns \u00fcber unsere Internetseiten ausgetauscht werden, werden \u00fcber Verbindungen \u00fcbertragen, die dem aktuellen Stand der Technik entsprechen. Alle eingesetzten EDV-Systeme sind durch Sicherheitssysteme vor einem unberechtigten Zugriff gesch\u00fctzt und die Mitarbeiter sind dem Datengeheimnis verpflichtet. Auf den Transport von Daten \u00fcber das Internet hat KG Media allerdings keinen Einfluss und kann daher einen missbr\u00e4uchlichen Zugriff Dritter nicht ausschliessen. Die \u00fcbermittelten Daten werden zur weiteren Be- und Verarbeitung gespeichert.<\/p>\n<h3>Widerspruch gegen Datenerfassung \/ Kontrolle<\/h3>\n<p>Wenn Sie uns generell nicht gestatten, Cookies zu nutzen, werden gewisse Funktionen und Seiten nicht wie erwartet funktionieren. Cookies, die sich bereits auf Ihrem Computer befinden, k\u00f6nnen Sie jederzeit l\u00f6schen. Die Vorgangsweise finden Sie in Ihrer Browseranleitung.<\/p>\n<p>Unsere Datenverarbeitung erfolgt auf Basis der gesetzlichen Bestimmungen des \u00a7 96 Abs 3 TKG sowie des Art 6 Abs 1 lit a (Einwilligung) lit b (notwendig zur Vertragserf\u00fcllung), lit c (gesetzliche Verplichtungen) sowie lit d bzw. Erw\u00e4gungsgrund 47 (berechtigtes Interesse) der DSGVO.<\/p>\n<p>Allerdings steht Ihnen das Recht auf Auskunft, Berichtigung, L\u00f6schung, Einschr\u00e4nkung, Daten\u00fcbertragbarkeit, Widerruf und Widerspruch zu. Wenn Sie glauben, dass die Verarbeitung Ihrer Daten gegen das Datenschutzrecht verst\u00f6\u00dft oder Ihre datenschutzrechtlichen Anspr\u00fcche sonst in einer Weise verletzt worden sind, k\u00f6nnen Sie sich bei der Aufsichtsbeh\u00f6rde beschweren. In \u00d6sterreich ist dies die Datenschutzbeh\u00f6rde, in Kroatien Agencija za za\u0161titu osobnih podataka (AZOP).<\/p>\n<p>&nbsp;<\/p>\n<h3>Dauer des Datenspeicherung<\/h3>\n<p>KG Media erfasst und verwendet personenbezogene Daten um Ihnen optimale Leistungsangebote zu unterbreiten und Sie \u00fcber Neuheiten zu informieren. Sollten Sie daran kein Interesse haben, k\u00f6nnen Sie uns das jederzeit \u00fcber die Kontaktdaten im Impressum mitteilen.<br \/>\nDie bei uns gespeicherten \u2013 auch personenbezogene \u2013 Daten erfolgt so lange, wie das der gesetzlichen Aufbewahrungspflicht entspricht bzw. es f\u00fcr die Erf\u00fcllung unserer Service-Leistungen zweckm\u00e4ssig ist.<\/p>\n","protected":false},"excerpt":{"rendered":"<p>Der Schutz Ihrer pers\u00f6nlichen Daten ist uns ein besonderes Anliegen. Wir verarbeiten Ihre Daten daher ausschlie\u00dflich auf Grundlage der gesetzlichen Bestimmungen (DSGVO, TKG 2003, f\u00fcr KG Media d.o.o. ber\u00fccksichtigen wir auch Zakon o za\u0161titi osobnih podataka 2003). In diesen Datenschutzinformationen informieren wir Sie \u00fcber die wichtigsten Aspekte der Datenverarbeitung im Rahmen unserer Website. Kontakt mit [&hellip;]<\/p>\n","protected":false},"author":8,"featured_media":972,"parent":0,"menu_order":0,"comment_status":"closed","ping_status":"closed","template":"","meta":{"_acf_changed":false,"footnotes":""},"class_list":["post-971","page","type-page","status-publish","has-post-thumbnail","hentry"],"acf":[],"_links":{"self":[{"href":"https:\/\/vinarija-stampar.hr\/de\/wp-json\/wp\/v2\/pages\/971","targetHints":{"allow":["GET"]}}],"collection":[{"href":"https:\/\/vinarija-stampar.hr\/de\/wp-json\/wp\/v2\/pages"}],"about":[{"href":"https:\/\/vinarija-stampar.hr\/de\/wp-json\/wp\/v2\/types\/page"}],"author":[{"embeddable":true,"href":"https:\/\/vinarija-stampar.hr\/de\/wp-json\/wp\/v2\/users\/8"}],"replies":[{"embeddable":true,"href":"https:\/\/vinarija-stampar.hr\/de\/wp-json\/wp\/v2\/comments?post=971"}],"version-history":[{"count":1,"href":"https:\/\/vinarija-stampar.hr\/de\/wp-json\/wp\/v2\/pages\/971\/revisions"}],"predecessor-version":[{"id":978,"href":"https:\/\/vinarija-stampar.hr\/de\/wp-json\/wp\/v2\/pages\/971\/revisions\/978"}],"wp:featuredmedia":[{"embeddable":true,"href":"https:\/\/vinarija-stampar.hr\/de\/wp-json\/wp\/v2\/media\/972"}],"wp:attachment":[{"href":"https:\/\/vinarija-stampar.hr\/de\/wp-json\/wp\/v2\/media?parent=971"}],"curies":[{"name":"wp","href":"https:\/\/api.w.org\/{rel}","templated":true}]}}