{"id":34,"date":"2017-09-13T13:11:25","date_gmt":"2017-09-13T11:11:25","guid":{"rendered":"http:\/\/localhost\/_posao\/stampar\/?page_id=34"},"modified":"2021-10-07T09:33:50","modified_gmt":"2021-10-07T07:33:50","slug":"wines","status":"publish","type":"page","link":"https:\/\/vinarija-stampar.hr\/en\/wines\/","title":{"rendered":"Wines"},"content":{"rendered":"<p>After a full century of the family\u2019s dedication to wine, the \u0160tampar wines today have a presence at European catering destinations and leading national restaurants, and are known to distributors and numerous wine connoisseurs. The international and national acclaim, diplomas and awards attest to the art and excellence of the \u0160tampar white wines, ros\u00e9 wines and \u2013 since recently \u2013 the first sparkling accomplishments. In the mission to establish the autochthonous Pu\u0161ipel wine brand of Me\u0111imurje in the region, the \u0160tampar family can take indelible credit.<\/p>\n","protected":false},"excerpt":{"rendered":"<p>After a full century of the family\u2019s dedication to wine, the \u0160tampar wines today have a presence at European catering destinations and leading national restaurants, and are known to distributors and numerous wine connoisseurs. The international and national acclaim, diplomas and awards attest to the art and excellence of the \u0160tampar white wines, ros\u00e9 wines [&hellip;]<\/p>\n","protected":false},"author":8,"featured_media":1217,"parent":0,"menu_order":0,"comment_status":"closed","ping_status":"closed","template":"","meta":{"_acf_changed":false,"footnotes":""},"class_list":["post-34","page","type-page","status-publish","has-post-thumbnail","hentry"],"acf":[],"_links":{"self":[{"href":"https:\/\/vinarija-stampar.hr\/en\/wp-json\/wp\/v2\/pages\/34","targetHints":{"allow":["GET"]}}],"collection":[{"href":"https:\/\/vinarija-stampar.hr\/en\/wp-json\/wp\/v2\/pages"}],"about":[{"href":"https:\/\/vinarija-stampar.hr\/en\/wp-json\/wp\/v2\/types\/page"}],"author":[{"embeddable":true,"href":"https:\/\/vinarija-stampar.hr\/en\/wp-json\/wp\/v2\/users\/8"}],"replies":[{"embeddable":true,"href":"https:\/\/vinarija-stampar.hr\/en\/wp-json\/wp\/v2\/comments?post=34"}],"version-history":[{"count":5,"href":"https:\/\/vinarija-stampar.hr\/en\/wp-json\/wp\/v2\/pages\/34\/revisions"}],"predecessor-version":[{"id":1375,"href":"https:\/\/vinarija-stampar.hr\/en\/wp-json\/wp\/v2\/pages\/34\/revisions\/1375"}],"wp:featuredmedia":[{"embeddable":true,"href":"https:\/\/vinarija-stampar.hr\/en\/wp-json\/wp\/v2\/media\/1217"}],"wp:attachment":[{"href":"https:\/\/vinarija-stampar.hr\/en\/wp-json\/wp\/v2\/media?parent=34"}],"curies":[{"name":"wp","href":"https:\/\/api.w.org\/{rel}","templated":true}]}}