{"id":35,"date":"2017-09-13T13:11:29","date_gmt":"2017-09-13T11:11:29","guid":{"rendered":"http:\/\/localhost\/_posao\/stampar\/?page_id=35"},"modified":"2017-12-29T20:41:22","modified_gmt":"2017-12-29T19:41:22","slug":"vineyards","status":"publish","type":"page","link":"https:\/\/vinarija-stampar.hr\/en\/vineyards\/","title":{"rendered":"Vineyards"},"content":{"rendered":"<h2>Our locations<\/h2>\n<p>Under the same sun, on a small geographic area \u2013 whose terroir is recognised and prized by wine connoisseurs all over the world \u2013 on the border separating Croatia and Slovenia, the hills of Me\u0111imurje and the vineyards of Ljutomer-Jeruzalem meet. It is here, three hundred metres above sea level, far away from any roads and urban vibrations, in a unique harmony with nature, stretching over the surface area of approximately ten hectares, that the best vineyards of the \u0160tampar family are grown. The rolling hills of Sveti Urban and Krpec in Robadje are where the best grapes of Pu\u0161ipel, Gra\u0161evina, Silvanac Zeleni, Chardonnay, Pinot Sivi, Rajnski Rizling, Mu\u0161kat \u017duti, Sauvignon, Cabernet Sauvignong and Gamay in Me\u0111imurje ripen. The crops yield standard harvests, late harvests, select dried berries and ice harvests.<\/p>\n","protected":false},"excerpt":{"rendered":"<p>Our locations Under the same sun, on a small geographic area \u2013 whose terroir is recognised and prized by wine connoisseurs all over the world \u2013 on the border separating Croatia and Slovenia, the hills of Me\u0111imurje and the vineyards of Ljutomer-Jeruzalem meet. It is here, three hundred metres above sea level, far away from [&hellip;]<\/p>\n","protected":false},"author":8,"featured_media":323,"parent":0,"menu_order":0,"comment_status":"closed","ping_status":"closed","template":"","meta":{"_acf_changed":false,"footnotes":""},"class_list":["post-35","page","type-page","status-publish","has-post-thumbnail","hentry"],"acf":[],"_links":{"self":[{"href":"https:\/\/vinarija-stampar.hr\/en\/wp-json\/wp\/v2\/pages\/35","targetHints":{"allow":["GET"]}}],"collection":[{"href":"https:\/\/vinarija-stampar.hr\/en\/wp-json\/wp\/v2\/pages"}],"about":[{"href":"https:\/\/vinarija-stampar.hr\/en\/wp-json\/wp\/v2\/types\/page"}],"author":[{"embeddable":true,"href":"https:\/\/vinarija-stampar.hr\/en\/wp-json\/wp\/v2\/users\/8"}],"replies":[{"embeddable":true,"href":"https:\/\/vinarija-stampar.hr\/en\/wp-json\/wp\/v2\/comments?post=35"}],"version-history":[{"count":4,"href":"https:\/\/vinarija-stampar.hr\/en\/wp-json\/wp\/v2\/pages\/35\/revisions"}],"predecessor-version":[{"id":542,"href":"https:\/\/vinarija-stampar.hr\/en\/wp-json\/wp\/v2\/pages\/35\/revisions\/542"}],"wp:featuredmedia":[{"embeddable":true,"href":"https:\/\/vinarija-stampar.hr\/en\/wp-json\/wp\/v2\/media\/323"}],"wp:attachment":[{"href":"https:\/\/vinarija-stampar.hr\/en\/wp-json\/wp\/v2\/media?parent=35"}],"curies":[{"name":"wp","href":"https:\/\/api.w.org\/{rel}","templated":true}]}}