{"id":789,"date":"2017-09-13T13:11:22","date_gmt":"2017-09-13T11:11:22","guid":{"rendered":"https:\/\/vinarija-stampar.hr\/o-nama\/"},"modified":"2018-01-09T12:23:03","modified_gmt":"2018-01-09T11:23:03","slug":"domaine-stampar","status":"publish","type":"page","link":"https:\/\/vinarija-stampar.hr\/fr\/domaine-stampar\/","title":{"rendered":"Domaine Stampar"},"content":{"rendered":"<h2>Notre histoire<\/h2>\n<p>Il y a longtemps, dans l&rsquo;apr\u00e8s-midi du vendredi 27 juin 1913, le ma\u00eetre de chai Istvan Grabar et le vigneron Andras Novak levaient leurs verres \u00e0 l&rsquo;occasion de la r\u00e9alisation de la fresque situ\u00e9e au fronton de leur cave et buvaient leur vin au num\u00e9ro 2 \u00e0 St. Urbain, vin qui, cent ans plus tard, perdure toujours. Jusqu&rsquo; au milieu des ann\u00e9es vingt du si\u00e8cle dernier, les vins de tables courants de la famille NOVAK avaient un caract\u00e8re assez affirm\u00e9, puis lorsque la premi\u00e8re g\u00e9n\u00e9ration de la famille STAMPAR est venue prendre possession du domaine et des vignobles, les choses ont chang\u00e9. A partir de se moment la passion et l&rsquo;engagement envers la vigne deviennent la premi\u00e8re devise sans restriction pour toutes les g\u00e9n\u00e9rations de la famille Stampar. Les grands vins class\u00e9s de la famille Stampar commencent leur vie dans le vignoble, comme nagu\u00e8re jusqu&rsquo;\u00e0 maintenant encore. On a commenc\u00e9 dans une petite cave avec seulement 3000 pieds de vigne d&rsquo;un c\u00e9page, avec une ancienne presse croate de 1927 en ch\u00eane et avec \u00e0 peine quelques tonneaux. Actuellement, \u00e0 la recherche constante de perfectionner l&rsquo;union entre la tradition, le savoir-faire et l&rsquo;innovation, la famille Stampar offre au march\u00e9 naturellement critique et exigeant des vins de qualit\u00e9 exceptionnelle et prim\u00e9s d&rsquo;une dizaine de c\u00e9pages repr\u00e9sentatifs des coteaux de MEDJIMURJE.<\/p>\n","protected":false},"excerpt":{"rendered":"<p>Notre histoire Il y a longtemps, dans l&rsquo;apr\u00e8s-midi du vendredi 27 juin 1913, le ma\u00eetre de chai Istvan Grabar et le vigneron Andras Novak levaient leurs verres \u00e0 l&rsquo;occasion de la r\u00e9alisation de la fresque situ\u00e9e au fronton de leur cave et buvaient leur vin au num\u00e9ro 2 \u00e0 St. Urbain, vin qui, cent ans [&hellip;]<\/p>\n","protected":false},"author":8,"featured_media":329,"parent":0,"menu_order":0,"comment_status":"closed","ping_status":"closed","template":"","meta":{"_acf_changed":false,"footnotes":""},"class_list":["post-789","page","type-page","status-publish","has-post-thumbnail","hentry"],"acf":[],"_links":{"self":[{"href":"https:\/\/vinarija-stampar.hr\/fr\/wp-json\/wp\/v2\/pages\/789","targetHints":{"allow":["GET"]}}],"collection":[{"href":"https:\/\/vinarija-stampar.hr\/fr\/wp-json\/wp\/v2\/pages"}],"about":[{"href":"https:\/\/vinarija-stampar.hr\/fr\/wp-json\/wp\/v2\/types\/page"}],"author":[{"embeddable":true,"href":"https:\/\/vinarija-stampar.hr\/fr\/wp-json\/wp\/v2\/users\/8"}],"replies":[{"embeddable":true,"href":"https:\/\/vinarija-stampar.hr\/fr\/wp-json\/wp\/v2\/comments?post=789"}],"version-history":[{"count":4,"href":"https:\/\/vinarija-stampar.hr\/fr\/wp-json\/wp\/v2\/pages\/789\/revisions"}],"predecessor-version":[{"id":954,"href":"https:\/\/vinarija-stampar.hr\/fr\/wp-json\/wp\/v2\/pages\/789\/revisions\/954"}],"wp:featuredmedia":[{"embeddable":true,"href":"https:\/\/vinarija-stampar.hr\/fr\/wp-json\/wp\/v2\/media\/329"}],"wp:attachment":[{"href":"https:\/\/vinarija-stampar.hr\/fr\/wp-json\/wp\/v2\/media?parent=789"}],"curies":[{"name":"wp","href":"https:\/\/api.w.org\/{rel}","templated":true}]}}