{"id":862,"date":"2017-09-13T13:11:25","date_gmt":"2017-09-13T11:11:25","guid":{"rendered":"https:\/\/vinarija-stampar.hr\/vina\/"},"modified":"2021-10-07T09:34:00","modified_gmt":"2021-10-07T07:34:00","slug":"vins","status":"publish","type":"page","link":"https:\/\/vinarija-stampar.hr\/fr\/vins\/","title":{"rendered":"Vins"},"content":{"rendered":"<p>Apr\u00e8s plus d&rsquo;un si\u00e8cle de d\u00e9vouement familial au vin, les maisons d&rsquo; h\u00f4tellerie europ\u00e8enne, les principaux restaurants nationaux, les distributeurs et de nombreux oenologues actuels connaissent la famille Stampar. Les r\u00e9compenses internationales et nationales, dipl\u00f4mes et m\u00e9dailles confirment le savoir-faire et l&rsquo;excellence des vins blancs et ros\u00e9s de Stampar, ainsi que, tr\u00e8s r\u00e9cemment les premiers vins mousseux. En mission d&rsquo;\u00e9tablissement d&rsquo;une marque de vin autochtone indig\u00e8ne Pushipel dans les cadres r\u00e9gionaux, la famille Stampar a des m\u00e9rites ind\u00e9niables.<\/p>\n","protected":false},"excerpt":{"rendered":"<p>Apr\u00e8s plus d&rsquo;un si\u00e8cle de d\u00e9vouement familial au vin, les maisons d&rsquo; h\u00f4tellerie europ\u00e8enne, les principaux restaurants nationaux, les distributeurs et de nombreux oenologues actuels connaissent la famille Stampar. Les r\u00e9compenses internationales et nationales, dipl\u00f4mes et m\u00e9dailles confirment le savoir-faire et l&rsquo;excellence des vins blancs et ros\u00e9s de Stampar, ainsi que, tr\u00e8s r\u00e9cemment les premiers [&hellip;]<\/p>\n","protected":false},"author":8,"featured_media":1218,"parent":0,"menu_order":0,"comment_status":"closed","ping_status":"closed","template":"","meta":{"_acf_changed":false,"footnotes":""},"class_list":["post-862","page","type-page","status-publish","has-post-thumbnail","hentry"],"acf":[],"_links":{"self":[{"href":"https:\/\/vinarija-stampar.hr\/fr\/wp-json\/wp\/v2\/pages\/862","targetHints":{"allow":["GET"]}}],"collection":[{"href":"https:\/\/vinarija-stampar.hr\/fr\/wp-json\/wp\/v2\/pages"}],"about":[{"href":"https:\/\/vinarija-stampar.hr\/fr\/wp-json\/wp\/v2\/types\/page"}],"author":[{"embeddable":true,"href":"https:\/\/vinarija-stampar.hr\/fr\/wp-json\/wp\/v2\/users\/8"}],"replies":[{"embeddable":true,"href":"https:\/\/vinarija-stampar.hr\/fr\/wp-json\/wp\/v2\/comments?post=862"}],"version-history":[{"count":5,"href":"https:\/\/vinarija-stampar.hr\/fr\/wp-json\/wp\/v2\/pages\/862\/revisions"}],"predecessor-version":[{"id":1376,"href":"https:\/\/vinarija-stampar.hr\/fr\/wp-json\/wp\/v2\/pages\/862\/revisions\/1376"}],"wp:featuredmedia":[{"embeddable":true,"href":"https:\/\/vinarija-stampar.hr\/fr\/wp-json\/wp\/v2\/media\/1218"}],"wp:attachment":[{"href":"https:\/\/vinarija-stampar.hr\/fr\/wp-json\/wp\/v2\/media?parent=862"}],"curies":[{"name":"wp","href":"https:\/\/api.w.org\/{rel}","templated":true}]}}