{"id":869,"date":"2017-09-13T13:11:29","date_gmt":"2017-09-13T11:11:29","guid":{"rendered":"https:\/\/vinarija-stampar.hr\/vinogradi\/"},"modified":"2018-01-09T10:15:07","modified_gmt":"2018-01-09T09:15:07","slug":"vignobles","status":"publish","type":"page","link":"https:\/\/vinarija-stampar.hr\/fr\/vignobles\/","title":{"rendered":"Vignobles"},"content":{"rendered":"<h2>Nos terrains<\/h2>\n<p>Sous le m\u00eame soleil, sur une petite superficie g\u00e9ographique dont les qualit\u00e9s sont reconnues et valoris\u00e9es par les oenologues du monde entier, sur la ligne de partage entre la Croatie et la Slov\u00e9nie se rencontrent les collines et les vignobles de la r\u00e9gion de Ljutomer et Jeruzalem. Juste l\u00e0, trois cent m\u00e8tres au-dessus de la mer, loin des routes et des vibrations urbaines, dans une harmonie unique avec la nature, sur une surface de \u00e0 peu pr\u00e8s dix hectares poussent les meilleurs vignobles de famille Stampar. Sur les terrains onduleux des collines de St. Urbain et de Krpec \u00e0 Robadje m\u00fbrissent les meilleures grappes de raisin de Pushipel, de Gra\u0161evina, de Sylvaner vert, de Chardonnay, de Pinot gris, de Riesling du Rhin, de Muscat jaune, de Sauvignon, de Cabernet Sauvignon et de Gamay. Les plantations donnent des r\u00e9coltes standard, des r\u00e9coltes tardives, des s\u00e9lections des raisins s\u00e9ch\u00e9s et le vin de glace.<\/p>\n","protected":false},"excerpt":{"rendered":"<p>Nos terrains Sous le m\u00eame soleil, sur une petite superficie g\u00e9ographique dont les qualit\u00e9s sont reconnues et valoris\u00e9es par les oenologues du monde entier, sur la ligne de partage entre la Croatie et la Slov\u00e9nie se rencontrent les collines et les vignobles de la r\u00e9gion de Ljutomer et Jeruzalem. Juste l\u00e0, trois cent m\u00e8tres au-dessus [&hellip;]<\/p>\n","protected":false},"author":8,"featured_media":323,"parent":0,"menu_order":0,"comment_status":"closed","ping_status":"closed","template":"","meta":{"_acf_changed":false,"footnotes":""},"class_list":["post-869","page","type-page","status-publish","has-post-thumbnail","hentry"],"acf":[],"_links":{"self":[{"href":"https:\/\/vinarija-stampar.hr\/fr\/wp-json\/wp\/v2\/pages\/869","targetHints":{"allow":["GET"]}}],"collection":[{"href":"https:\/\/vinarija-stampar.hr\/fr\/wp-json\/wp\/v2\/pages"}],"about":[{"href":"https:\/\/vinarija-stampar.hr\/fr\/wp-json\/wp\/v2\/types\/page"}],"author":[{"embeddable":true,"href":"https:\/\/vinarija-stampar.hr\/fr\/wp-json\/wp\/v2\/users\/8"}],"replies":[{"embeddable":true,"href":"https:\/\/vinarija-stampar.hr\/fr\/wp-json\/wp\/v2\/comments?post=869"}],"version-history":[{"count":3,"href":"https:\/\/vinarija-stampar.hr\/fr\/wp-json\/wp\/v2\/pages\/869\/revisions"}],"predecessor-version":[{"id":884,"href":"https:\/\/vinarija-stampar.hr\/fr\/wp-json\/wp\/v2\/pages\/869\/revisions\/884"}],"wp:featuredmedia":[{"embeddable":true,"href":"https:\/\/vinarija-stampar.hr\/fr\/wp-json\/wp\/v2\/media\/323"}],"wp:attachment":[{"href":"https:\/\/vinarija-stampar.hr\/fr\/wp-json\/wp\/v2\/media?parent=869"}],"curies":[{"name":"wp","href":"https:\/\/api.w.org\/{rel}","templated":true}]}}