{"id":871,"date":"2017-09-13T13:11:33","date_gmt":"2017-09-13T11:11:33","guid":{"rendered":"https:\/\/vinarija-stampar.hr\/podrum\/"},"modified":"2018-01-09T11:05:48","modified_gmt":"2018-01-09T10:05:48","slug":"cave","status":"publish","type":"page","link":"https:\/\/vinarija-stampar.hr\/fr\/cave\/","title":{"rendered":"Cave"},"content":{"rendered":"<h2>Cave<\/h2>\n<p>La sp\u00e9cificit\u00e9, la pl\u00e9nitude, la vivacit\u00e9 et la puissance des vins STAMPAR r\u00e9sultent des soins qui y sont prodigu\u00e9s, tout particuli\u00e8rement au niveau de la maturation. Elle est effectu\u00e9e dans de vieux tonneaux en ch\u00eane qui remplissent la cave \u00e0 proximit\u00e9 imm\u00e9diate des vignobles. Apr\u00e8s avoir obtenu le pic de maturation, les vins sont transvas\u00e9s dans des cuves inox soigneusement contr\u00f4l\u00e9es, dans lesquelles sont maintenus les caract\u00e8res propres du vin produit pendant longtemps.<\/p>\n","protected":false},"excerpt":{"rendered":"<p>Cave La sp\u00e9cificit\u00e9, la pl\u00e9nitude, la vivacit\u00e9 et la puissance des vins STAMPAR r\u00e9sultent des soins qui y sont prodigu\u00e9s, tout particuli\u00e8rement au niveau de la maturation. Elle est effectu\u00e9e dans de vieux tonneaux en ch\u00eane qui remplissent la cave \u00e0 proximit\u00e9 imm\u00e9diate des vignobles. Apr\u00e8s avoir obtenu le pic de maturation, les vins sont [&hellip;]<\/p>\n","protected":false},"author":8,"featured_media":25,"parent":0,"menu_order":0,"comment_status":"closed","ping_status":"closed","template":"","meta":{"_acf_changed":false,"footnotes":""},"class_list":["post-871","page","type-page","status-publish","has-post-thumbnail","hentry"],"acf":[],"_links":{"self":[{"href":"https:\/\/vinarija-stampar.hr\/fr\/wp-json\/wp\/v2\/pages\/871","targetHints":{"allow":["GET"]}}],"collection":[{"href":"https:\/\/vinarija-stampar.hr\/fr\/wp-json\/wp\/v2\/pages"}],"about":[{"href":"https:\/\/vinarija-stampar.hr\/fr\/wp-json\/wp\/v2\/types\/page"}],"author":[{"embeddable":true,"href":"https:\/\/vinarija-stampar.hr\/fr\/wp-json\/wp\/v2\/users\/8"}],"replies":[{"embeddable":true,"href":"https:\/\/vinarija-stampar.hr\/fr\/wp-json\/wp\/v2\/comments?post=871"}],"version-history":[{"count":4,"href":"https:\/\/vinarija-stampar.hr\/fr\/wp-json\/wp\/v2\/pages\/871\/revisions"}],"predecessor-version":[{"id":900,"href":"https:\/\/vinarija-stampar.hr\/fr\/wp-json\/wp\/v2\/pages\/871\/revisions\/900"}],"wp:featuredmedia":[{"embeddable":true,"href":"https:\/\/vinarija-stampar.hr\/fr\/wp-json\/wp\/v2\/media\/25"}],"wp:attachment":[{"href":"https:\/\/vinarija-stampar.hr\/fr\/wp-json\/wp\/v2\/media?parent=871"}],"curies":[{"name":"wp","href":"https:\/\/api.w.org\/{rel}","templated":true}]}}