{"id":943,"date":"2017-11-21T09:33:33","date_gmt":"2017-11-21T08:33:33","guid":{"rendered":"https:\/\/vinarija-stampar.hr\/vins\/grasevina-izborna-berba-stampar\/"},"modified":"2018-01-09T12:06:50","modified_gmt":"2018-01-09T11:06:50","slug":"grasevina-recolte-selectionnee","status":"publish","type":"page","link":"https:\/\/vinarija-stampar.hr\/fr\/vins\/grasevina-recolte-selectionnee\/","title":{"rendered":"Gra\u0161evina r\u00e9colte s\u00e9lectionn\u00e9e"},"content":{"rendered":"","protected":false},"excerpt":{"rendered":"","protected":false},"author":8,"featured_media":311,"parent":862,"menu_order":0,"comment_status":"closed","ping_status":"closed","template":"page-vino.php","meta":{"_acf_changed":false,"footnotes":""},"class_list":["post-943","page","type-page","status-publish","has-post-thumbnail","hentry"],"acf":[],"_links":{"self":[{"href":"https:\/\/vinarija-stampar.hr\/fr\/wp-json\/wp\/v2\/pages\/943","targetHints":{"allow":["GET"]}}],"collection":[{"href":"https:\/\/vinarija-stampar.hr\/fr\/wp-json\/wp\/v2\/pages"}],"about":[{"href":"https:\/\/vinarija-stampar.hr\/fr\/wp-json\/wp\/v2\/types\/page"}],"author":[{"embeddable":true,"href":"https:\/\/vinarija-stampar.hr\/fr\/wp-json\/wp\/v2\/users\/8"}],"replies":[{"embeddable":true,"href":"https:\/\/vinarija-stampar.hr\/fr\/wp-json\/wp\/v2\/comments?post=943"}],"version-history":[{"count":2,"href":"https:\/\/vinarija-stampar.hr\/fr\/wp-json\/wp\/v2\/pages\/943\/revisions"}],"predecessor-version":[{"id":945,"href":"https:\/\/vinarija-stampar.hr\/fr\/wp-json\/wp\/v2\/pages\/943\/revisions\/945"}],"up":[{"embeddable":true,"href":"https:\/\/vinarija-stampar.hr\/fr\/wp-json\/wp\/v2\/pages\/862"}],"wp:featuredmedia":[{"embeddable":true,"href":"https:\/\/vinarija-stampar.hr\/fr\/wp-json\/wp\/v2\/media\/311"}],"wp:attachment":[{"href":"https:\/\/vinarija-stampar.hr\/fr\/wp-json\/wp\/v2\/media?parent=943"}],"curies":[{"name":"wp","href":"https:\/\/api.w.org\/{rel}","templated":true}]}}