{"id":947,"date":"2017-11-21T09:40:47","date_gmt":"2017-11-21T08:40:47","guid":{"rendered":"https:\/\/vinarija-stampar.hr\/vins\/grasevina-izborna-berba-prosusenih-bobica-stampar\/"},"modified":"2018-01-09T12:09:52","modified_gmt":"2018-01-09T11:09:52","slug":"grasevina-recolte-selectionnes-des-raisins-seches","status":"publish","type":"page","link":"https:\/\/vinarija-stampar.hr\/fr\/vins\/grasevina-recolte-selectionnes-des-raisins-seches\/","title":{"rendered":"Gra\u0161evina r\u00e9colte s\u00e9lectionn\u00e9s des raisins s\u00e9ch\u00e9s"},"content":{"rendered":"","protected":false},"excerpt":{"rendered":"","protected":false},"author":8,"featured_media":312,"parent":862,"menu_order":0,"comment_status":"closed","ping_status":"closed","template":"page-vino.php","meta":{"_acf_changed":false,"footnotes":""},"class_list":["post-947","page","type-page","status-publish","has-post-thumbnail","hentry"],"acf":[],"_links":{"self":[{"href":"https:\/\/vinarija-stampar.hr\/fr\/wp-json\/wp\/v2\/pages\/947","targetHints":{"allow":["GET"]}}],"collection":[{"href":"https:\/\/vinarija-stampar.hr\/fr\/wp-json\/wp\/v2\/pages"}],"about":[{"href":"https:\/\/vinarija-stampar.hr\/fr\/wp-json\/wp\/v2\/types\/page"}],"author":[{"embeddable":true,"href":"https:\/\/vinarija-stampar.hr\/fr\/wp-json\/wp\/v2\/users\/8"}],"replies":[{"embeddable":true,"href":"https:\/\/vinarija-stampar.hr\/fr\/wp-json\/wp\/v2\/comments?post=947"}],"version-history":[{"count":1,"href":"https:\/\/vinarija-stampar.hr\/fr\/wp-json\/wp\/v2\/pages\/947\/revisions"}],"predecessor-version":[{"id":948,"href":"https:\/\/vinarija-stampar.hr\/fr\/wp-json\/wp\/v2\/pages\/947\/revisions\/948"}],"up":[{"embeddable":true,"href":"https:\/\/vinarija-stampar.hr\/fr\/wp-json\/wp\/v2\/pages\/862"}],"wp:featuredmedia":[{"embeddable":true,"href":"https:\/\/vinarija-stampar.hr\/fr\/wp-json\/wp\/v2\/media\/312"}],"wp:attachment":[{"href":"https:\/\/vinarija-stampar.hr\/fr\/wp-json\/wp\/v2\/media?parent=947"}],"curies":[{"name":"wp","href":"https:\/\/api.w.org\/{rel}","templated":true}]}}