{"id":970,"date":"2018-09-12T15:15:59","date_gmt":"2018-09-12T13:15:59","guid":{"rendered":"https:\/\/vinarija-stampar.hr\/?page_id=970"},"modified":"2018-09-12T15:15:59","modified_gmt":"2018-09-12T13:15:59","slug":"politique-de-confidentialite","status":"publish","type":"page","link":"https:\/\/vinarija-stampar.hr\/fr\/politique-de-confidentialite\/","title":{"rendered":"Politique de Confidentialit\u00e9"},"content":{"rendered":"<p>Domaine viticole Stampar, respecte la vie priv\u00e9e de chaque personne dont les donn\u00e9es \u00e0 caract\u00e8re personnel sont recueillies. Nous tenons \u00e0 vous informer sur la nature des donn\u00e9es \u00e0 caract\u00e8re personnel que Domaine viticole Stampar recueille, comment nous prot\u00e9geons ces donn\u00e9es et quels sont vos droits.<\/p>\n<p>Domaine viticole Stampar d\u00e9tient tous les droits d&rsquo;auteur sur l&rsquo;utilisation de photographies, de textes et d&rsquo;autres documents publi\u00e9s conform\u00e9ment aux r\u00e9glementations juridiques positives de la R\u00e9publique de Croatie. Les photographies, textes et autres mat\u00e9riels ne peuvent \u00eatre publi\u00e9s, vendus, r\u00e9v\u00e9l\u00e9s publiquement ou en priv\u00e9 ou utilis\u00e9s de toute autre mani\u00e8re sans le consentement de Domaine viticole Stampar. Tout manquement aux conditions ci-dessus implique la responsabilit\u00e9 et l&rsquo;obligation d&rsquo;indemniser Domaine viticole Stampar pour les dommages immat\u00e9riels caus\u00e9s par la violation d&rsquo;un mat\u00e9riel particulier.<\/p>\n<h2>Informations de base<\/h2>\n<p>Champ d&rsquo;application<br \/>\nCette Politique s&rsquo;applique \u00e0 tout traitement de donn\u00e9es \u00e0 caract\u00e8re personnel par Domaine viticole Stampar, sauf si une autre politique de Domaine viticole Stampar en d\u00e9cide autrement. Dans des cas exceptionnels, en ce qui concerne le traitement des donn\u00e9es des clients et des utilisateurs des services Domaine viticole Stampar, cette Politique pr\u00e9vaut sur toutes les autres politiques lorsque ces autres politiques prescrivent des droits et des obligations concernant le traitement des donn\u00e9es d&rsquo;une mani\u00e8re diff\u00e9rente.<\/p>\n<h2>Le responsable du traitement et le cadre juridique<\/h2>\n<p>Domaine viticole Stampar, en tant que responsable du traitement de vos donn\u00e9es, respecte votre vie priv\u00e9e et s&rsquo;engage \u00e0 prot\u00e9ger vos donn\u00e9es \u00e0 caract\u00e8re personnel. La collecte et la conservation des donn\u00e9es sont effectu\u00e9es conform\u00e9ment aux dispositions de la R\u00e9glementation (UE) 2016\/679 du Parlement europ\u00e9en et du Conseil du 27 avril 2016 relative \u00e0 la protection des personnes physiques \u00e0 l&rsquo;\u00e9gard du traitement des donn\u00e9es \u00e0 caract\u00e8re personnel et \u00e0 la libre circulation de ces donn\u00e9es (r\u00e9glementation g\u00e9n\u00e9rale sur la protection des donn\u00e9es), la Loi sur la mise en \u0153uvre de la r\u00e9glementation g\u00e9n\u00e9rale sur la protection des donn\u00e9es (Journal officiel no. 42\/2018) et d&rsquo;autres r\u00e9glementations applicables en R\u00e9publique de Croatie.<\/p>\n<p>Mise en \u0153uvre des principes de protection des donn\u00e9es<br \/>\nDans le cadre de la mise en \u0153uvre de cette Politique, Domaine viticole Stampar accorde une attention particuli\u00e8re au respect des principes de traitement des donn\u00e9es :<\/p>\n<p>De mani\u00e8re licite : le traitement des donn\u00e9es est possible lorsque cela est autoris\u00e9 par la loi et uniquement dans les limites permises par la loi.<br \/>\nDe mani\u00e8re loyale : en prenant en compte les sp\u00e9cificit\u00e9s de chaque relation, en appliquant toutes les mesures appropri\u00e9es pour la protection des donn\u00e9es \u00e0 caract\u00e8re personnel et de la vie priv\u00e9e en g\u00e9n\u00e9ral, et en permettant aux personnes concern\u00e9es d&rsquo;exercer leurs droits.<br \/>\nDe mani\u00e8re transparente : en informant les personnes concern\u00e9es du traitement des donn\u00e9es \u00e0 caract\u00e8re personnel. D\u00e8s le d\u00e9but de la collecte des donn\u00e9es elle-m\u00eame, lorsque les personnes concern\u00e9es sont inform\u00e9es de tous les aspects du traitement des donn\u00e9es, les personnes concern\u00e9es sont autoris\u00e9es \u00e0 acc\u00e9der facilement et rapidement \u00e0 leurs propres donn\u00e9es, y compris : la capacit\u00e9 d&rsquo;inspecter et d&rsquo;en obtenir une copie conform\u00e9ment \u00e0 la r\u00e9glementation. L&rsquo;acc\u00e8s \u00e0 certaines informations peut \u00eatre restreint uniquement lorsque cela est requis par la loi ou n\u00e9cessaire pour la protection de tiers.<\/p>\n<h2>Cookies et technologies Internet<\/h2>\n<p>Comme c&rsquo;est le cas avec de nombreux autres sites, notre site peut utiliser des \u00ab cookies \u00bb (petits fichiers que nous enregistrons sur votre ordinateur lorsque vous acc\u00e9dez \u00e0 nos sites Internet pour activer les fonctionnalit\u00e9s de base ou suppl\u00e9mentaires de chaque site) ou d&rsquo;autres technologies pour nous aider \u00e0 diffuser du contenu en fonction de vos centres d\u2019int\u00e9r\u00eat, pour traiter les r\u00e9servations ou demandes, et \/ ou pour analyser vos habitudes de visite. Les cookies ne peuvent pas \u00eatre utilis\u00e9s pour r\u00e9v\u00e9ler votre identit\u00e9 personnelle. Lorsque vous acc\u00e9dez \u00e0 nos sites Internet, ces donn\u00e9es sont utilis\u00e9es par notre serveur pour identifier les fonctionnalit\u00e9s de votre navigateur mais ne peuvent pas vous identifier personnellement.<\/p>\n<p>Nous utilisons plusieurs types de cookies :<\/p>\n<p>Cookies n\u00e9cessaires : ils sont n\u00e9cessaires pour activer les fonctionnalit\u00e9s de base du site Internet et les sites Internet ne peuvent pas fonctionner correctement sans eux. Cela signifie qu&rsquo;un site Internet ne peut pas \u00eatre ouvert ou affich\u00e9 sans ces cookies. Ces cookies sont utilis\u00e9s \u00e0 des fins de transmission de communication et sont n\u00e9cessaires \u00e0 la fourniture de services d&rsquo;entreprise informatique explicitement demand\u00e9s par les utilisateurs de ces services. Ces cookies nous permettent \u00e9galement d&rsquo;effectuer une analyse basique du site dans le but d&rsquo;am\u00e9liorer les fonctionnalit\u00e9s du site en utilisant des donn\u00e9es totalement anonymes, c&rsquo;est-\u00e0-dire que ces cookies ne sont pas bas\u00e9s sur vos donn\u00e9es \u00e0 caract\u00e8re personnel ou des donn\u00e9es qui peuvent vous identifier. Ces cookies ne n\u00e9cessitent pas de consentement ; nous ne vous demandons donc pas votre consentement pour les utiliser.<br \/>\nCookies fonctionnels : nous les utilisons pour effectuer une analyse de site Internet plus avanc\u00e9e. Ces cookies sont utilis\u00e9s pour analyser les comportements des utilisateurs et, sur la base des donn\u00e9es anonymes re\u00e7ues, nous permettent de d\u00e9terminer ce que les visiteurs pr\u00e9f\u00e8rent voir et parcourir, ce qui nous permet de personnaliser le site et de rendre son contenu et ses fonctionnalit\u00e9s plus faciles \u00e0 utiliser. Nous vous demandons votre consentement pour utiliser ces cookies.<br \/>\nCookies publicitaires : nous les utilisons pour analyser vos centres d\u2019int\u00e9r\u00eat et vos pr\u00e9f\u00e9rences et ils nous aident \u00e0 vous fournir les informations qui vous int\u00e9ressent et \u00e0 cr\u00e9er des offres personnalis\u00e9es bas\u00e9es sur votre utilisation du site Domaine viticole Stampar. Nous vous demandons votre consentement pour utiliser ces cookies.<br \/>\nDomaine viticole Stampar conserve les cookies dans la base de donn\u00e9es pendant 2 ans dans le but de fournir des informations sur les offres personnalis\u00e9es, actualit\u00e9s et \u00e9v\u00e9nements sp\u00e9ciaux organis\u00e9s par la soci\u00e9t\u00e9 via des canaux en ligne (courriel, web, promotions sur l\u2019Internet).<\/p>\n<p>Si vous souhaitez modifier vos param\u00e8tres de cookies sur le site Internet de Domaine viticole Stampar, vous pouvez le faire \u00e0 tout moment en cliquant sur ce lien : (lien vers la bo\u00eete de consentement des cookies). Vous pouvez toujours supprimer les cookies conserv\u00e9s sur votre ordinateur, d\u00e9sactivant ainsi le traitement ult\u00e9rieur de vos donn\u00e9es \u00e0 caract\u00e8re personnel gr\u00e2ce \u00e0 cette technologie. Chaque navigateur utilise sa propre proc\u00e9dure pour effacer les cookies. Vous trouverez ici ces proc\u00e9dures pour les navigateurs Web les plus populaires :<\/p>\n<h2>Votre consentement<\/h2>\n<p>Lorsque vous fournissez \u00e0 Domaine viticole Stampar vos informations (r\u00e9servation, fiche d&rsquo;enregistrement &#8230;), vous garantissez que les informations que vous avez fournies sont exactes, que vous \u00eates l\u00e9galement qualifi\u00e9 et autoris\u00e9 \u00e0 disposer des informations fournies et que vous acceptez pleinement que Domaine viticole Stampar puisse utiliser et collecter vos informations conform\u00e9ment \u00e0 la loi et selon les conditions de cette politique de confidentialit\u00e9.<\/p>\n","protected":false},"excerpt":{"rendered":"<p>Domaine viticole Stampar, respecte la vie priv\u00e9e de chaque personne dont les donn\u00e9es \u00e0 caract\u00e8re personnel sont recueillies. Nous tenons \u00e0 vous informer sur la nature des donn\u00e9es \u00e0 caract\u00e8re personnel que Domaine viticole Stampar recueille, comment nous prot\u00e9geons ces donn\u00e9es et quels sont vos droits. Domaine viticole Stampar d\u00e9tient tous les droits d&rsquo;auteur sur [&hellip;]<\/p>\n","protected":false},"author":8,"featured_media":979,"parent":0,"menu_order":0,"comment_status":"closed","ping_status":"closed","template":"","meta":{"_acf_changed":false,"footnotes":""},"class_list":["post-970","page","type-page","status-publish","has-post-thumbnail","hentry"],"acf":[],"_links":{"self":[{"href":"https:\/\/vinarija-stampar.hr\/fr\/wp-json\/wp\/v2\/pages\/970","targetHints":{"allow":["GET"]}}],"collection":[{"href":"https:\/\/vinarija-stampar.hr\/fr\/wp-json\/wp\/v2\/pages"}],"about":[{"href":"https:\/\/vinarija-stampar.hr\/fr\/wp-json\/wp\/v2\/types\/page"}],"author":[{"embeddable":true,"href":"https:\/\/vinarija-stampar.hr\/fr\/wp-json\/wp\/v2\/users\/8"}],"replies":[{"embeddable":true,"href":"https:\/\/vinarija-stampar.hr\/fr\/wp-json\/wp\/v2\/comments?post=970"}],"version-history":[{"count":1,"href":"https:\/\/vinarija-stampar.hr\/fr\/wp-json\/wp\/v2\/pages\/970\/revisions"}],"predecessor-version":[{"id":980,"href":"https:\/\/vinarija-stampar.hr\/fr\/wp-json\/wp\/v2\/pages\/970\/revisions\/980"}],"wp:featuredmedia":[{"embeddable":true,"href":"https:\/\/vinarija-stampar.hr\/fr\/wp-json\/wp\/v2\/media\/979"}],"wp:attachment":[{"href":"https:\/\/vinarija-stampar.hr\/fr\/wp-json\/wp\/v2\/media?parent=970"}],"curies":[{"name":"wp","href":"https:\/\/api.w.org\/{rel}","templated":true}]}}